{"id":2706,"date":"2025-04-03T09:51:04","date_gmt":"2025-04-03T07:51:04","guid":{"rendered":"https:\/\/linda-maria-schwarz.at\/?page_id=2706"},"modified":"2025-04-03T10:10:04","modified_gmt":"2025-04-03T08:10:04","slug":"links","status":"publish","type":"page","link":"https:\/\/linda-maria-schwarz.at\/?page_id=2706","title":{"rendered":"Links"},"content":{"rendered":"\n<figure class=\"wp-block-embed\"><div class=\"wp-block-embed__wrapper\">\nhttps:\/\/culture-unlimited.com\/zwischenbilder\n<\/div><\/figure>\n\n\n\n\n\n<figure class=\"wp-block-embed is-type-wp-embed is-provider-eisenerz-art wp-block-embed-eisenerz-art\"><div class=\"wp-block-embed__wrapper\">\n<blockquote class=\"wp-embedded-content\" data-secret=\"XQNbtUIX2V\"><a href=\"https:\/\/www.eisenerz-art.at\/events\/zeitlupe-ein-denkmal-fuer-august-musger-in-eisenerz-2\/\">ZEITLUPE \u2013 Ein Denkmal f\u00fcr August Musger in Eisenerz<\/a><\/blockquote><iframe loading=\"lazy\" class=\"wp-embedded-content\" sandbox=\"allow-scripts\" security=\"restricted\" style=\"position: absolute; visibility: hidden;\" title=\"&#8222;ZEITLUPE \u2013 Ein Denkmal f\u00fcr August Musger in Eisenerz&#8220; &#8212; eisenerZ*ART\" src=\"https:\/\/www.eisenerz-art.at\/events\/zeitlupe-ein-denkmal-fuer-august-musger-in-eisenerz-2\/embed\/#?secret=2gIvOmrsgh#?secret=XQNbtUIX2V\" data-secret=\"XQNbtUIX2V\" width=\"600\" height=\"338\" frameborder=\"0\" marginwidth=\"0\" marginheight=\"0\" scrolling=\"no\"><\/iframe>\n<\/div><\/figure>\n\n\n\n<figure class=\"wp-block-embed is-type-wp-embed is-provider-kunstgarten wp-block-embed-kunstgarten\"><div class=\"wp-block-embed__wrapper\">\n<blockquote class=\"wp-embedded-content\" data-secret=\"5Ad2LjQn10\"><a href=\"https:\/\/kunstgarten.at\/events\/100-jahre-spaeter-danach-davor\/\">100 JAHRE SP\u00c4TER. DANACH. DAVOR.<\/a><\/blockquote><iframe loading=\"lazy\" class=\"wp-embedded-content\" sandbox=\"allow-scripts\" security=\"restricted\" style=\"position: absolute; visibility: hidden;\" title=\"&#8222;100 JAHRE SP\u00c4TER. DANACH. DAVOR.&#8220; &#8212; kunstgarten\" src=\"https:\/\/kunstgarten.at\/events\/100-jahre-spaeter-danach-davor\/embed\/#?secret=iapEH76ZVQ#?secret=5Ad2LjQn10\" data-secret=\"5Ad2LjQn10\" width=\"600\" height=\"338\" frameborder=\"0\" marginwidth=\"0\" marginheight=\"0\" scrolling=\"no\"><\/iframe>\n<\/div><\/figure>\n\n\n\n<p><a href=\"https:\/\/www.kleinezeitung.at\/steiermark\/oststeier\/4174232\/Fuerstenfeld_Fuenf-Kurzfilme-praesentiert\">https:\/\/www.kleinezeitung.at\/steiermark\/oststeier\/4174232\/Fuerstenfeld_Fuenf-Kurzfilme-praesentiert<\/a><\/p>\n\n\n\n<p>Der &#8222;frauen CIRCUS museums_phase 05&#8220; lud ins Grabher Haus in F\u00fcrstenfeld. Zu Gast war dieses Mal eine japanische K\u00fcnstlerin.<\/p>\n\n\n\n<figure class=\"wp-block-image\"><img decoding=\"async\" src=\"https:\/\/img.kleinezeitung.at\/public\/incoming\/wby5on-726-frauencircus-hirt.gif\/alternates\/WEBP_WIDE_1200\/726-frauencircus-hirt.gif\" alt=\"\" title=\"\"\/><\/figure>\n\n\n\n<p>Zum letzten Ausstellungsrundgang lud der &#8222;frauen CIRCUS museum_phase 05&#8220; ins Grabher Haus F\u00fcrstenfeld. Die japanische K\u00fcnstlerin Yukika Kudo hielt ein Impulsreferat und pr\u00e4sentierte f\u00fcnf Kurzfilme. Begr\u00fc\u00dft wurde sie von den Vorstandsmitgliedern des Initiator-Vereines &#8222;Acryl&#8220; Angelika Thon, Renate Krammer, Linda Maria Schwarz und Kulturreferent Hermann Gro\u00dfschedl<\/p>\n\n\n\n<p>&#8230;&#8230;&#8230;&#8230;&#8230;&#8230;&#8230;&#8230;&#8230;&#8230;&#8230;&#8230;&#8230;&#8230;&#8230;&#8230;&#8230;&#8230;&#8230;&#8230;&#8230;&#8230;&#8230;&#8230;&#8230;&#8230;&#8230;&#8230;&#8230;&#8230;&#8230;&#8230;&#8230;&#8230;&#8230;&#8230;&#8230;&#8230;&#8230;&#8230;&#8230;&#8230;&#8230;&#8230;&#8230;&#8230;&#8230;&#8230;&#8230;&#8230;&#8230;&#8230;&#8230;&#8230;&#8230;&#8230;&#8230;&#8230;&#8230;&#8230;&#8230;&#8230;&#8230;&#8230;&#8230;.<\/p>\n\n\n\n<p>https:\/\/acryl.mur.at\/index.html%3Fp=604.html<\/p>\n\n\n\n<figure class=\"wp-block-image\"><a href=\"https:\/\/acryl.mur.at\/index.html\"><img decoding=\"async\" src=\"https:\/\/acryl.mur.at\/wp-content\/uploads\/2015\/03\/cropped-frauen-circus-phase-06-960x250-grau.jpg\" alt=\"\"\/><\/a><\/figure>\n\n\n\n<h1 class=\"wp-block-heading\">Artists \/ K\u00fcnstlerinnen<\/h1>\n\n\n\n<p>Alle K\u00fcnstlerinnen die am \u201e<strong>museum<\/strong> <strong>frauen CIRCUS<\/strong>\u201c beteiligt gewesen sind.<br>All artists that have been part of the&nbsp; \u201e<strong>women`s circus museum<\/strong>\u201e.<\/p>\n\n\n\n<p><strong>f r a u e n CIRCUS museum_phase 05<\/strong><br><strong>Festival des soziokulturellen Netzwerkes ACRYL<\/strong><br><strong>5. Juli \u2013 20. Juli 2015, F\u00fcrstenfeld<br>Galerie im Alten Rathaus_regionale u. internationale Werke<br>Sportplatz der Kinderfreunde_CIRCUS-Installation<br><\/strong><\/p>\n\n\n\n<p>Cym_NL_www.cym.net<br>Beba Fink (A)_www.bebafink.at<br>Andrea Felber (A)_http:\/\/www.gat.st\/date\/publikation-galerie-44qm<br>Erika Inger (I)_www.lana-art.it\/erika.htm<br>Renate Krammer (A)_www.renate-krammer.at<br>Yukika Kudo (JPN)_http:\/\/aun-film.com\/?page_id=21<br>Barbara Nagy (H)<br>Tanja Pru\u0161nik (A)_www.prusnik.com<br>Isa Stein (A)_www.isastein.com<br>Anna Szigethy (H)_http:\/\/szigethyanna.blog.free.fr<br>Linda Maria Schwarz (A)_www.linda-maria-schwarz.at<br>Angelika Thon (A)_www.rhizom.mur.at\/uploads\/bios\/an.thon.pdf<br>Roswitha Weingrill (A)_www.roswithaweingrill.com<\/p>\n\n\n\n<p><\/p>\n\n\n\n<p>..<\/p>\n","protected":false},"excerpt":{"rendered":"<p>https:\/\/www.kleinezeitung.at\/steiermark\/oststeier\/4174232\/Fuerstenfeld_Fuenf-Kurzfilme-praesentiert Der &#8222;frauen CIRCUS museums_phase 05&#8220; lud ins Grabher Haus in F\u00fcrstenfeld. Zu Gast war dieses Mal eine japanische K\u00fcnstlerin. Zum letzten Ausstellungsrundgang lud der &#8222;frauen CIRCUS museum_phase 05&#8220; ins Grabher Haus F\u00fcrstenfeld. Die japanische K\u00fcnstlerin Yukika Kudo hielt ein Impulsreferat und pr\u00e4sentierte f\u00fcnf Kurzfilme. Begr\u00fc\u00dft wurde sie von den Vorstandsmitgliedern des Initiator-Vereines &#8222;Acryl&#8220; Angelika [&hellip;]<\/p>\n","protected":false},"author":2,"featured_media":0,"parent":0,"menu_order":0,"comment_status":"closed","ping_status":"closed","template":"","meta":{"footnotes":""},"class_list":["post-2706","page","type-page","status-publish","hentry"],"_links":{"self":[{"href":"https:\/\/linda-maria-schwarz.at\/index.php?rest_route=\/wp\/v2\/pages\/2706","targetHints":{"allow":["GET"]}}],"collection":[{"href":"https:\/\/linda-maria-schwarz.at\/index.php?rest_route=\/wp\/v2\/pages"}],"about":[{"href":"https:\/\/linda-maria-schwarz.at\/index.php?rest_route=\/wp\/v2\/types\/page"}],"author":[{"embeddable":true,"href":"https:\/\/linda-maria-schwarz.at\/index.php?rest_route=\/wp\/v2\/users\/2"}],"replies":[{"embeddable":true,"href":"https:\/\/linda-maria-schwarz.at\/index.php?rest_route=%2Fwp%2Fv2%2Fcomments&post=2706"}],"version-history":[{"count":12,"href":"https:\/\/linda-maria-schwarz.at\/index.php?rest_route=\/wp\/v2\/pages\/2706\/revisions"}],"predecessor-version":[{"id":2722,"href":"https:\/\/linda-maria-schwarz.at\/index.php?rest_route=\/wp\/v2\/pages\/2706\/revisions\/2722"}],"wp:attachment":[{"href":"https:\/\/linda-maria-schwarz.at\/index.php?rest_route=%2Fwp%2Fv2%2Fmedia&parent=2706"}],"curies":[{"name":"wp","href":"https:\/\/api.w.org\/{rel}","templated":true}]}}